{"id":430,"date":"2023-01-25T06:12:38","date_gmt":"2023-01-25T06:12:38","guid":{"rendered":"https:\/\/laperladecanet.com\/carta\/carta-vinos\/"},"modified":"2024-05-31T10:01:10","modified_gmt":"2024-05-31T10:01:10","slug":"carta-vinos","status":"publish","type":"page","link":"https:\/\/laperladecanet.com\/en\/letter-en\/carta-vinos\/","title":{"rendered":"Wine Letter"},"content":{"rendered":"\n<div class=\"wp-block-group is-layout-constrained wp-block-group-is-layout-constrained\">\n<h4 class=\"wp-block-heading\">WHITE WINES<\/h4>\n\n\n\n<p><strong>D.O. VALENCIA<\/strong><\/p>\n\n\n\n<figure class=\"wp-block-table\"><table><tbody><tr><td>Innato, Bodega Noem\u00ed (Fuenterrobles) (Mesegera)<\/td><td>19\u20ac<\/td><\/tr><tr><td>Flor de Alejandr\u00eda, Bodega Terravineas (Moscatel) <\/td><td>18\u20ac<\/td><\/tr><tr><td>Cullerot, Bodega Celler del Roure (Pedro Xim\u00e9nez, Verdil)<\/td><td>18\u20ac<\/td><\/tr><tr><td>Malvasia de Sant Jaume, Bodega Valsangiacomo (Malvasia y Meseguera)<\/td><td>19\u20ac<\/td><\/tr><tr><td>Ulises, Bodega Valsangiacomo (Chardonnay)<\/td><td>24\u20ac<\/td><\/tr><tr><td>Uva del Pirata, Bodega Vicente Gandia (Garnacha blanca)<\/td><td>18\u20ac<\/td><\/tr><\/tbody><\/table><\/figure>\n\n\n\n<p><strong>D.O. UTIEL-REQUENA<\/strong><\/p>\n\n\n\n<figure class=\"wp-block-table\"><table><tbody><tr><td>Bobal, Bodega Vicente Gand\u00eda (Bobal)<\/td><td>25\u20ac<\/td><\/tr><tr><td>Impromtu, Bodegas Hispano Suizas (Sauvignon Blanc)<\/td><td>39\u20ac<\/td><\/tr><\/tbody><\/table><\/figure>\n\n\n\n<p><strong>V.T. DE C\u00c1DIZ<\/strong><\/p>\n\n\n\n<figure class=\"wp-block-table\"><table><tbody><tr><td>Forlong, Bodega Forlong Palominio)<\/td><td>24\u20ac<\/td><\/tr><\/tbody><\/table><\/figure>\n\n\n\n<p><strong>V.T. CASTILLA LE\u00d3N<\/strong><\/p>\n\n\n\n<figure class=\"wp-block-table\"><table><tbody><tr><td>Caraballas, Bodega Caraballas (Verdejo)<\/td><td>26\u20ac<\/td><\/tr><\/tbody><\/table><\/figure>\n\n\n\n<p><strong>D.O. SOMONT\u0391\u039d\u039f<\/strong><\/p>\n\n\n\n<figure class=\"wp-block-table\"><table><tbody><tr><td>Enate 234, Bodegas Enate (Chardonnay)<\/td><td>19\u20ac<\/td><\/tr><\/tbody><\/table><\/figure>\n\n\n\n<p><strong>D.O. NAVARRA<\/strong><\/p>\n\n\n\n<figure class=\"wp-block-table\"><table><tbody><tr><td>Castillo de Monjard\u00edn, Bodegas Castillo de Monjard\u00edn (Chardonnay)<\/td><td>20\u20ac<\/td><\/tr><\/tbody><\/table><\/figure>\n\n\n\n<p><strong>D.O. BIERZO<\/strong><\/p>\n\n\n\n<figure class=\"wp-block-table\"><table><tbody><tr><td>Casar de Burbia, Bodega Casar de Burbiapazo (Godello)<\/td><td>22\u20ac<\/td><\/tr><\/tbody><\/table><\/figure>\n\n\n\n<p><strong>D.O. RUEDA<\/strong><\/p>\n\n\n\n<figure class=\"wp-block-table\"><table><tbody><tr><td>Jos\u00e9 Pariente, Bodega Jos\u00e9 Pariente (Sauvignon Blanc)<\/td><td>26\u20ac<\/td><\/tr><tr><td>Jos\u00e9 Pariente, Bodega Jos\u00e9 Pariente (Verdejo)<\/td><td>26\u20ac<\/td><\/tr><tr><td>Comenge, Bodega Comenge (Verdejo)<\/td><td>18\u20ac<\/td><\/tr><tr><td>Belondrade y Lurton, Bodegas Belondrade &amp; Lurton (Verdejo)<\/td><td>52\u20ac<\/td><\/tr><tr><td>Quinta Apolonia, Bodegas Belondrade &amp; Lurton (Verdejo)<\/td><td>38\u20ac<\/td><\/tr><\/tbody><\/table><\/figure>\n\n\n\n<p><strong>D.O. RIAS BAIXAS<\/strong><\/p>\n\n\n\n<figure class=\"wp-block-table\"><table><tbody><tr><td>Pazo de Rubianes, Bodega Pazo de Rubianes (Albari\u00f1o)<\/td><td>31\u20ac<\/td><\/tr><tr><td>Pazo Cilleiro, Bodega Pazo Cilleiro (Albari\u00f1o)<\/td><td>19\u20ac<\/td><\/tr><tr><td>Frore de Carme doble L\u00edas, Bodega Adega Familiar Eladio Pi\u00f1eiro (Albari\u00f1o)<\/td><td>49\u20ac<\/td><\/tr><tr><td>Atlantis, Bodega Maetierra (Albari\u00f1o)<\/td><td>24\u20ac<\/td><\/tr><tr><td>Quinta do Sil, Bodegas Granbaz\u00e1n (Godello)<\/td><td>24\u20ac<\/td><\/tr><tr><td>Avancia Godello, Bodegas Avanthia (Godello)<\/td><td>36\u20ac<\/td><\/tr><tr><td>Mi\u00f1axoia, Bodegas Ladr\u00f3n de Lunas (Godello)<\/td><td>20\u20ac<\/td><\/tr><\/tbody><\/table><\/figure>\n\n\n\n<p><strong>D.0. RIBERA<\/strong><\/p>\n\n\n\n<figure class=\"wp-block-table\"><table><tbody><tr><td>Pazo de la Cuesta, Bodega Pazo de la Cuesta (Godello)<\/td><td>32\u20ac<\/td><\/tr><\/tbody><\/table><\/figure>\n\n\n\n<p><strong>INTERNACIONALES &#8211; FRANCIA<br>AOC. ALSACE<\/strong><\/p>\n\n\n\n<figure class=\"wp-block-table is-style-regular\"><table><tbody><tr><td>Gew\u00farztraminer, (Francia)(Gew\u00farztraminer)<\/td><td>32\u20ac<\/td><\/tr><tr><td>Riesling, (Francia)(Riesling)<\/td><td>29\u20ac<\/td><\/tr><\/tbody><\/table><\/figure>\n<\/div>\n\n\n\n<div class=\"wp-block-group is-layout-flow wp-block-group-is-layout-flow\">\n<h4 class=\"wp-block-heading\">ROS\u00c9 WINES<\/h4>\n\n\n\n<figure class=\"wp-block-table\"><table><tbody><tr><td>Les Prunes, Bodega Celler del Roure (Mando) D.0. Valencia<\/td><td>22\u20ac<\/td><\/tr><tr><td>Impromtu Rose, Bodegas Hispano Suizas (Pinot Noir] D.O. Utiel-Requena<\/td><td>38\u20ac<\/td><\/tr><tr><td>Bobal Rose, Bodega Vicente Gand\u00eda (Bobal) D.O. Utiel-Requena<\/td><td>24\u20ac<\/td><\/tr><tr><td>LES PRUNESA de Ar\u00ednzano, Bodega Propiedad de Ar\u00ednzano (Tempranillo) D.O. Navarra<\/td><td>18\u20ac<\/td><\/tr><tr><td>Flor de Muga, Bodegas Muga (Garnacha) D.O. Rioja<\/td><td>34\u20ac<\/td><\/tr><\/tbody><\/table><\/figure>\n<\/div>\n\n\n\n<div class=\"wp-block-group is-layout-flow wp-block-group-is-layout-flow\">\n<h4 class=\"wp-block-heading\">RED WINES<\/h4>\n\n\n\n<p><strong>D.O. VALENCIA<\/strong><\/p>\n\n\n\n<figure class=\"wp-block-table\"><table><tbody><tr><td>Rafael Cambra 2, Bodega Rafael Cambra (Monastrell, Cabernet Sauvignon, Cabernet Franc)<\/td><td><strong>24\u20ac<\/strong><\/td><\/tr><tr><td>Ceramic Crianza, Bodega Vicente Gand\u00eda (Monastrell)<\/td><td>21\u20ac<\/td><\/tr><\/tbody><\/table><\/figure>\n\n\n\n<p><strong>D.O. UTIEL-REQUENA<\/strong><\/p>\n\n\n\n<figure class=\"wp-block-table\"><table><tbody><tr><td>\u00c1nma, vino de la finca, Bodegas Chozas Carrascal (Garnacha, Syrah)<\/td><td>21\u20ac<\/td><\/tr><tr><td>Bobos, Bodegas Hispano Suizas (Bobal)<\/td><td>48\u20ac<\/td><\/tr><tr><td>El Perd\u00edo, Bodega de Viticultres de San Juan (Bobal)<\/td><td>28\u20ac<\/td><\/tr><\/tbody><\/table><\/figure>\n\n\n\n<p><strong>D.O.P. TERRERAZO<\/strong><\/p>\n\n\n\n<figure class=\"wp-block-table\"><table><tbody><tr><td>Finca del Terrerazo, vino de pago, Bodegas Mustiguillo (Bobal)<\/td><td>49\u20ac<\/td><\/tr><tr><td>Mestizaje, vino de pago, Bodegas Mustiguillo (Bobal, Garnacha, Syrah)<\/td><td>23\u20ac<\/td><\/tr><\/tbody><\/table><\/figure>\n\n\n\n<p><strong>D.O. RIBERA DEL DUERO<\/strong><\/p>\n\n\n\n<figure class=\"wp-block-table\"><table><tbody><tr><td>Bardos, Bodega de Bardos (Tempranillo)<\/td><td>19\u20ac<\/td><\/tr><tr><td>Lambuena Crianza, Bodega Lambuena (Tempranillo)<\/td><td>32\u20ac<\/td><\/tr><tr><td>Matarromera Crianza, Bodega Matarromera (Tempranillo)<\/td><td>39\u20ac<\/td><\/tr><tr><td>Emilio Moro, Bodega Emilio Moro (Tempranillo)<\/td><td>32\u20ac<\/td><\/tr><tr><td>Malleolus, Bodega Emilio Moro (Tempranillo)<\/td><td>52\u20ac<\/td><\/tr><tr><td>Pruno, Bodega Finca Villacreces (Tempranillo)<\/td><td>23\u20ac<\/td><\/tr><tr><td>Bosque de Matasnos, Bodega Bosque de Matasnos (Tempranillo, Merlot, Malbec)<\/td><td>48\u20ac<\/td><\/tr><tr><td>Traslascuestas, Bodegas Traslascuestas (Tinta Fina)<\/td><td>29\u20ac<\/td><\/tr><tr><td>Pago de los Capellanes, Bodega Pago de los Capellanes (Tempranillo)<\/td><td>45\u20ac<\/td><\/tr><tr><td>Hacienda Monasterios Crianza, Bodega Hacienda Monasterios (Tinta Fina, Cabernet, Sauvignon, Merlot, Malbec)<\/td><td>70\u20ac<\/td><\/tr><tr><td>Pago de Carraovejas, Bodega Pago de Carraovejas (Tinta Fina, Cabernet, Sauvignon, Merlot)<\/td><td>57\u20ac<\/td><\/tr><tr><td><\/td><td><\/td><\/tr><tr><td><em>Los precios pueden estar sujetos a modificaci\u00f3n.<\/em><\/td><td><\/td><\/tr><\/tbody><\/table><\/figure>\n\n\n\n<p><strong>V.T. DE CASTILLA Y LE\u00d3N<\/strong><\/p>\n\n\n\n<figure class=\"wp-block-table\"><table><tbody><tr><td>Mauro, Bodegas Mauro (Tempranillo)<\/td><td>48\u20ac<\/td><\/tr><\/tbody><\/table><\/figure>\n\n\n\n<p><strong>D.O. BIERZO<\/strong><\/p>\n\n\n\n<figure class=\"wp-block-table\"><table><tbody><tr><td>Hombros Mencia, Bodegas Casar de Burbia (Mencia)<\/td><td>30\u20ac<\/td><\/tr><\/tbody><\/table><\/figure>\n\n\n\n<p><strong>D.O.Ca. RIOJA<\/strong><\/p>\n\n\n\n<figure class=\"wp-block-table\"><table><tbody><tr><td>Muga Crianza, Bodega Muga (Tempranillo, Garnacha, Mazuelo, Graciano)<\/td><td>34\u20ac<\/td><\/tr><tr><td>El And\u00e9n de la Estaci\u00f3n, Bodega Muga (Tempranillo, Garnacha)<\/td><td>23\u20ac<\/td><\/tr><tr><td>Hacienda L\u00f3pez de Haro Crianza, Bodega Hacienda L\u00f3pez de Haro (Tempranillo, Garnacha, Graciano)<\/td><td>18\u20ac<\/td><\/tr><tr><td>Vi\u00f1a Ardanza Reserva, Bodega La Rioja Alta S.A. (Tempranillo)<\/td><td>39\u20ac<\/td><\/tr><tr><td>Mac\u00e1n Cl\u00e1sico, Bodega Benjam\u00edn de Rothschild &amp; Vega Sicilia (Tempranillo)<\/td><td>69\u20ac<\/td><\/tr><tr><td>200 Monges Reserva, Bodega Vinicola Real (Tempranillo, Garnacha, Graciano)<\/td><td>69\u20ac<\/td><\/tr><tr><td>Lu\u00eds Ca\u00f1as, Bodega Lu\u00eds Ca\u00f1as (Tempranillo, Garnacha)<\/td><td>25\u20ac<\/td><\/tr><tr><td>Contino Reserva, Bodegas Contino (Tempranillo, Garnacha, Mazuelo, Graciano)<\/td><td>48\u20ac<\/td><\/tr><tr><td>Roda Reserva, Bodegas Roda (Tempranillo, Garnacha, Graciano)<\/td><td>49\u20ac<\/td><\/tr><tr><td>El Pacto Crianza, Bodega Hacienda L\u00f3pez de Haro (Tempranillo)<\/td><td>23\u20ac<\/td><\/tr><\/tbody><\/table><\/figure>\n\n\n\n<p><strong>BOTELLAS DE 37,5cl. y 0,51.<\/strong><\/p>\n\n\n\n<figure class=\"wp-block-table\"><table><tbody><tr><td>Emilio Moro, Bodega Emilio Moro (Tempranillo) 0,51.<\/td><td>21\u20ac<\/td><\/tr><tr><td>Muga Crianza, Bodega Muga (Tempranillo, Garnacha, Mazuelo, Graciano) 37,5cl.<\/td><td>19\u20ac<\/td><\/tr><tr><td>Roda Reserva, Bodegas Roda (Tempranillo, Garnacha, Graciano) 37,5cl.<\/td><td>49\u20ac<\/td><\/tr><tr><td>Vi\u00f1a Ardanza Reserva, Bodega La Rioja Alta S.A. (Tempranillo) 37,5cl.<\/td><td>27\u20ac<\/td><\/tr><\/tbody><\/table><\/figure>\n<\/div>\n\n\n\n<div class=\"wp-block-group is-layout-flow wp-block-group-is-layout-flow\">\n<h4 class=\"wp-block-heading\"><strong>CHAMPAGNE\/CAVAS<\/strong><\/h4>\n\n\n\n<p><strong>CHAMPAGNE<\/strong><\/p>\n\n\n\n<figure class=\"wp-block-table\"><table><tbody><tr><td>M\u00f6et &amp; Chandon Imperial (Pinot Noir, Pinot meunier, Chardonnay)0,75l.<\/td><td>86\u20ac<\/td><\/tr><tr><td>Moet &amp; Chandon Imperial (Pinot Noir, Pinot meunier, Chardonnay)37,5cl.<\/td><td>49\u20ac<\/td><\/tr><tr><td>Moet &amp; Chandon Brut Imperial Ros\u00e9 (Pinot Noir, Pinot meunier, Chardonnay)<\/td><td>98\u20ac<\/td><\/tr><tr><td>Taittinger Rose (Pinot Noir, Chardonnay)<\/td><td>98\u20ac<\/td><\/tr><tr><td>Piper Heidsieck Brut (Pinot Noir, Pinot meunier, Chardonnay)<\/td><td>64\u20ac<\/td><\/tr><\/tbody><\/table><\/figure>\n\n\n\n<p><strong>D.O. CAVA<\/strong><\/p>\n\n\n\n<figure class=\"wp-block-table\"><table><tbody><tr><td>Tantum Ergo Rose Brut Nature, Bodegas Hispano Suizas (Pinot Noir)<\/td><td>45\u20ac<\/td><\/tr><tr><td>Chozas Carrascal, Bodegas Chozas Carrascal (Chardonnay, Macabeo)<\/td><td>30\u20ac<\/td><\/tr><tr><td>Carlota Suria Brut Nature, Bodega Pago de Tharsys (Chardonnay, Macabeo)<\/td><td>28\u20ac<\/td><\/tr><\/tbody><\/table><\/figure>\n\n\n\n<p><strong>CORPINAT<\/strong><\/p>\n\n\n\n<figure class=\"wp-block-table\"><table><tbody><tr><td>Gramona Brut Imperial, Cavas Gramona (Xarel-lo, Macabeo, Chardonnay, Parellada)<\/td><td>39\u20ac<\/td><\/tr><\/tbody><\/table><\/figure>\n<\/div>\n\n\n\n<div class=\"wp-block-buttons d-none is-layout-flex wp-block-buttons-is-layout-flex\">\n<div class=\"wp-block-button aligncenter\"><a class=\"wp-block-button__link wp-element-button\" href=\"#\">Descarga la carta de vinos<\/a><\/div>\n<\/div>\n\n\n\n<div style=\"height:100px\" aria-hidden=\"true\" class=\"wp-block-spacer\"><\/div>\n","protected":false},"excerpt":{"rendered":"<p>WHITE WINES D.O. VALENCIA Innato, Bodega Noem\u00ed (Fuenterrobles) (Mesegera) 19\u20ac Flor de Alejandr\u00eda, Bodega Terravineas (Moscatel) 18\u20ac Cullerot, Bodega Celler &hellip; <a href=\"https:\/\/laperladecanet.com\/en\/letter-en\/carta-vinos\/\">Continued<\/a><\/p>\n","protected":false},"author":1,"featured_media":409,"parent":427,"menu_order":23,"comment_status":"closed","ping_status":"closed","template":"","meta":{"inline_featured_image":false,"footnotes":""},"class_list":["post-430","page","type-page","status-publish","has-post-thumbnail","hentry"],"acf":[],"yoast_head":"<!-- This site is optimized with the Yoast SEO plugin v25.6 - https:\/\/yoast.com\/wordpress\/plugins\/seo\/ -->\n<title>Wine Letter - Restaurante La Perla de Canet<\/title>\n<meta name=\"robots\" content=\"index, follow, max-snippet:-1, max-image-preview:large, max-video-preview:-1\" \/>\n<link rel=\"canonical\" href=\"https:\/\/laperladecanet.com\/en\/letter-en\/carta-vinos\/\" \/>\n<meta property=\"og:locale\" content=\"en_US\" \/>\n<meta property=\"og:type\" content=\"article\" \/>\n<meta property=\"og:title\" content=\"Wine Letter - Restaurante La Perla de Canet\" \/>\n<meta property=\"og:description\" content=\"WHITE WINES D.O. VALENCIA Innato, Bodega Noem\u00ed (Fuenterrobles) (Mesegera) 19\u20ac Flor de Alejandr\u00eda, Bodega Terravineas (Moscatel) 18\u20ac Cullerot, Bodega Celler &hellip; Continued\" \/>\n<meta property=\"og:url\" content=\"https:\/\/laperladecanet.com\/en\/letter-en\/carta-vinos\/\" \/>\n<meta property=\"og:site_name\" content=\"Restaurante La Perla de Canet\" \/>\n<meta property=\"article:modified_time\" content=\"2024-05-31T10:01:10+00:00\" \/>\n<meta property=\"og:image\" content=\"https:\/\/laperladecanet.com\/wp-content\/uploads\/2023\/01\/local_2.jpg\" \/>\n\t<meta property=\"og:image:width\" content=\"1200\" \/>\n\t<meta property=\"og:image:height\" content=\"1200\" \/>\n\t<meta property=\"og:image:type\" content=\"image\/jpeg\" \/>\n<meta name=\"twitter:card\" content=\"summary_large_image\" \/>\n<meta name=\"twitter:label1\" content=\"Est. reading time\" \/>\n\t<meta name=\"twitter:data1\" content=\"4 minutes\" \/>\n<script type=\"application\/ld+json\" class=\"yoast-schema-graph\">{\"@context\":\"https:\/\/schema.org\",\"@graph\":[{\"@type\":\"WebPage\",\"@id\":\"https:\/\/laperladecanet.com\/en\/letter-en\/carta-vinos\/\",\"url\":\"https:\/\/laperladecanet.com\/en\/letter-en\/carta-vinos\/\",\"name\":\"Wine Letter - Restaurante La Perla de Canet\",\"isPartOf\":{\"@id\":\"https:\/\/laperladecanet.com\/#website\"},\"primaryImageOfPage\":{\"@id\":\"https:\/\/laperladecanet.com\/en\/letter-en\/carta-vinos\/#primaryimage\"},\"image\":{\"@id\":\"https:\/\/laperladecanet.com\/en\/letter-en\/carta-vinos\/#primaryimage\"},\"thumbnailUrl\":\"https:\/\/laperladecanet.com\/wp-content\/uploads\/2023\/01\/carta_vinos.svg\",\"datePublished\":\"2023-01-25T06:12:38+00:00\",\"dateModified\":\"2024-05-31T10:01:10+00:00\",\"breadcrumb\":{\"@id\":\"https:\/\/laperladecanet.com\/en\/letter-en\/carta-vinos\/#breadcrumb\"},\"inLanguage\":\"en-US\",\"potentialAction\":[{\"@type\":\"ReadAction\",\"target\":[\"https:\/\/laperladecanet.com\/en\/letter-en\/carta-vinos\/\"]}]},{\"@type\":\"ImageObject\",\"inLanguage\":\"en-US\",\"@id\":\"https:\/\/laperladecanet.com\/en\/letter-en\/carta-vinos\/#primaryimage\",\"url\":\"https:\/\/laperladecanet.com\/wp-content\/uploads\/2023\/01\/carta_vinos.svg\",\"contentUrl\":\"https:\/\/laperladecanet.com\/wp-content\/uploads\/2023\/01\/carta_vinos.svg\"},{\"@type\":\"BreadcrumbList\",\"@id\":\"https:\/\/laperladecanet.com\/en\/letter-en\/carta-vinos\/#breadcrumb\",\"itemListElement\":[{\"@type\":\"ListItem\",\"position\":1,\"name\":\"Portada\",\"item\":\"https:\/\/laperladecanet.com\/en\/\"},{\"@type\":\"ListItem\",\"position\":2,\"name\":\"Letter\",\"item\":\"https:\/\/laperladecanet.com\/en\/letter-en\/\"},{\"@type\":\"ListItem\",\"position\":3,\"name\":\"Wine Letter\"}]},{\"@type\":\"WebSite\",\"@id\":\"https:\/\/laperladecanet.com\/#website\",\"url\":\"https:\/\/laperladecanet.com\/\",\"name\":\"Restaurante La Perla de Canet\",\"description\":\"Seduce a tu paladar mirando al mar mientras te sorprendes con una cocina innovadora, en un entorno id\u00edlico.\",\"alternateName\":\"La Perla de Canet\",\"potentialAction\":[{\"@type\":\"SearchAction\",\"target\":{\"@type\":\"EntryPoint\",\"urlTemplate\":\"https:\/\/laperladecanet.com\/?s={search_term_string}\"},\"query-input\":{\"@type\":\"PropertyValueSpecification\",\"valueRequired\":true,\"valueName\":\"search_term_string\"}}],\"inLanguage\":\"en-US\"}]}<\/script>\n<!-- \/ Yoast SEO plugin. -->","yoast_head_json":{"title":"Wine Letter - Restaurante La Perla de Canet","robots":{"index":"index","follow":"follow","max-snippet":"max-snippet:-1","max-image-preview":"max-image-preview:large","max-video-preview":"max-video-preview:-1"},"canonical":"https:\/\/laperladecanet.com\/en\/letter-en\/carta-vinos\/","og_locale":"en_US","og_type":"article","og_title":"Wine Letter - Restaurante La Perla de Canet","og_description":"WHITE WINES D.O. VALENCIA Innato, Bodega Noem\u00ed (Fuenterrobles) (Mesegera) 19\u20ac Flor de Alejandr\u00eda, Bodega Terravineas (Moscatel) 18\u20ac Cullerot, Bodega Celler &hellip; Continued","og_url":"https:\/\/laperladecanet.com\/en\/letter-en\/carta-vinos\/","og_site_name":"Restaurante La Perla de Canet","article_modified_time":"2024-05-31T10:01:10+00:00","og_image":[{"width":1200,"height":1200,"url":"https:\/\/laperladecanet.com\/wp-content\/uploads\/2023\/01\/local_2.jpg","type":"image\/jpeg"}],"twitter_card":"summary_large_image","twitter_misc":{"Est. reading time":"4 minutes"},"schema":{"@context":"https:\/\/schema.org","@graph":[{"@type":"WebPage","@id":"https:\/\/laperladecanet.com\/en\/letter-en\/carta-vinos\/","url":"https:\/\/laperladecanet.com\/en\/letter-en\/carta-vinos\/","name":"Wine Letter - Restaurante La Perla de Canet","isPartOf":{"@id":"https:\/\/laperladecanet.com\/#website"},"primaryImageOfPage":{"@id":"https:\/\/laperladecanet.com\/en\/letter-en\/carta-vinos\/#primaryimage"},"image":{"@id":"https:\/\/laperladecanet.com\/en\/letter-en\/carta-vinos\/#primaryimage"},"thumbnailUrl":"https:\/\/laperladecanet.com\/wp-content\/uploads\/2023\/01\/carta_vinos.svg","datePublished":"2023-01-25T06:12:38+00:00","dateModified":"2024-05-31T10:01:10+00:00","breadcrumb":{"@id":"https:\/\/laperladecanet.com\/en\/letter-en\/carta-vinos\/#breadcrumb"},"inLanguage":"en-US","potentialAction":[{"@type":"ReadAction","target":["https:\/\/laperladecanet.com\/en\/letter-en\/carta-vinos\/"]}]},{"@type":"ImageObject","inLanguage":"en-US","@id":"https:\/\/laperladecanet.com\/en\/letter-en\/carta-vinos\/#primaryimage","url":"https:\/\/laperladecanet.com\/wp-content\/uploads\/2023\/01\/carta_vinos.svg","contentUrl":"https:\/\/laperladecanet.com\/wp-content\/uploads\/2023\/01\/carta_vinos.svg"},{"@type":"BreadcrumbList","@id":"https:\/\/laperladecanet.com\/en\/letter-en\/carta-vinos\/#breadcrumb","itemListElement":[{"@type":"ListItem","position":1,"name":"Portada","item":"https:\/\/laperladecanet.com\/en\/"},{"@type":"ListItem","position":2,"name":"Letter","item":"https:\/\/laperladecanet.com\/en\/letter-en\/"},{"@type":"ListItem","position":3,"name":"Wine Letter"}]},{"@type":"WebSite","@id":"https:\/\/laperladecanet.com\/#website","url":"https:\/\/laperladecanet.com\/","name":"Restaurante La Perla de Canet","description":"Seduce a tu paladar mirando al mar mientras te sorprendes con una cocina innovadora, en un entorno id\u00edlico.","alternateName":"La Perla de Canet","potentialAction":[{"@type":"SearchAction","target":{"@type":"EntryPoint","urlTemplate":"https:\/\/laperladecanet.com\/?s={search_term_string}"},"query-input":{"@type":"PropertyValueSpecification","valueRequired":true,"valueName":"search_term_string"}}],"inLanguage":"en-US"}]}},"_links":{"self":[{"href":"https:\/\/laperladecanet.com\/en\/wp-json\/wp\/v2\/pages\/430","targetHints":{"allow":["GET"]}}],"collection":[{"href":"https:\/\/laperladecanet.com\/en\/wp-json\/wp\/v2\/pages"}],"about":[{"href":"https:\/\/laperladecanet.com\/en\/wp-json\/wp\/v2\/types\/page"}],"author":[{"embeddable":true,"href":"https:\/\/laperladecanet.com\/en\/wp-json\/wp\/v2\/users\/1"}],"replies":[{"embeddable":true,"href":"https:\/\/laperladecanet.com\/en\/wp-json\/wp\/v2\/comments?post=430"}],"version-history":[{"count":4,"href":"https:\/\/laperladecanet.com\/en\/wp-json\/wp\/v2\/pages\/430\/revisions"}],"predecessor-version":[{"id":2049,"href":"https:\/\/laperladecanet.com\/en\/wp-json\/wp\/v2\/pages\/430\/revisions\/2049"}],"up":[{"embeddable":true,"href":"https:\/\/laperladecanet.com\/en\/wp-json\/wp\/v2\/pages\/427"}],"wp:featuredmedia":[{"embeddable":true,"href":"https:\/\/laperladecanet.com\/en\/wp-json\/wp\/v2\/media\/409"}],"wp:attachment":[{"href":"https:\/\/laperladecanet.com\/en\/wp-json\/wp\/v2\/media?parent=430"}],"curies":[{"name":"wp","href":"https:\/\/api.w.org\/{rel}","templated":true}]}}